{"id":1066,"date":"2022-05-22T19:30:31","date_gmt":"2022-05-22T19:30:31","guid":{"rendered":"https:\/\/mendel.com.ar\/?page_id=1066"},"modified":"2025-04-24T20:28:58","modified_gmt":"2025-04-24T20:28:58","slug":"lunta-torrontes","status":"publish","type":"page","link":"https:\/\/mendel.com.ar\/en\/lunta-torrontes\/","title":{"rendered":"Lunta Torront\u00e9s"},"content":{"rendered":"<div data-elementor-type=\"wp-page\" data-elementor-id=\"1066\" class=\"elementor elementor-1066\">\n\t\t\t\t\t\t\t\t\t<section class=\"elementor-section elementor-top-section elementor-element elementor-element-70c624f9 elementor-section-height-min-height elementor-section-content-middle elementor-section-boxed elementor-section-height-default elementor-section-items-middle\" data-id=\"70c624f9\" data-element_type=\"section\" data-settings=\"{&quot;background_background&quot;:&quot;slideshow&quot;,&quot;background_slideshow_gallery&quot;:[{&quot;id&quot;:110,&quot;url&quot;:&quot;https:\\\/\\\/mendel.com.ar\\\/wp-content\\\/uploads\\\/2022\\\/04\\\/nuestros-vinos-seccion.jpg&quot;}],&quot;background_slideshow_loop&quot;:&quot;yes&quot;,&quot;background_slideshow_slide_duration&quot;:5000,&quot;background_slideshow_slide_transition&quot;:&quot;fade&quot;,&quot;background_slideshow_transition_duration&quot;:500}\">\n\t\t\t\t\t\t\t<div class=\"elementor-background-overlay\"><\/div>\n\t\t\t\t\t\t\t<div class=\"elementor-container elementor-column-gap-default\">\n\t\t\t\t\t<div class=\"elementor-column elementor-col-100 elementor-top-column elementor-element elementor-element-7084b6af\" data-id=\"7084b6af\" data-element_type=\"column\" data-settings=\"{&quot;background_background&quot;:&quot;classic&quot;}\">\n\t\t\t<div class=\"elementor-widget-wrap elementor-element-populated\">\n\t\t\t\t\t\t\t\t<div class=\"elementor-element elementor-element-4700a40a elementor-widget elementor-widget-heading\" data-id=\"4700a40a\" data-element_type=\"widget\" data-widget_type=\"heading.default\">\n\t\t\t\t<div class=\"elementor-widget-container\">\n\t\t\t<style>\/*! elementor - v3.17.0 - 08-11-2023 *\/\n.elementor-heading-title{padding:0;margin:0;line-height:1}.elementor-widget-heading .elementor-heading-title[class*=elementor-size-]>a{color:inherit;font-size:inherit;line-height:inherit}.elementor-widget-heading .elementor-heading-title.elementor-size-small{font-size:15px}.elementor-widget-heading .elementor-heading-title.elementor-size-medium{font-size:19px}.elementor-widget-heading .elementor-heading-title.elementor-size-large{font-size:29px}.elementor-widget-heading .elementor-heading-title.elementor-size-xl{font-size:39px}.elementor-widget-heading .elementor-heading-title.elementor-size-xxl{font-size:59px}<\/style><h2 class=\"elementor-heading-title elementor-size-default\">Lunta Torront\u00e9s<\/h2>\t\t<\/div>\n\t\t\t\t<\/div>\n\t\t\t\t<div class=\"elementor-element elementor-element-2a5267d2 elementor-widget-divider--view-line elementor-widget elementor-widget-divider\" data-id=\"2a5267d2\" data-element_type=\"widget\" data-widget_type=\"divider.default\">\n\t\t\t\t<div class=\"elementor-widget-container\">\n\t\t\t<style>\/*! elementor - v3.17.0 - 08-11-2023 *\/\n.elementor-widget-divider{--divider-border-style:none;--divider-border-width:1px;--divider-color:#0c0d0e;--divider-icon-size:20px;--divider-element-spacing:10px;--divider-pattern-height:24px;--divider-pattern-size:20px;--divider-pattern-url:none;--divider-pattern-repeat:repeat-x}.elementor-widget-divider .elementor-divider{display:flex}.elementor-widget-divider .elementor-divider__text{font-size:15px;line-height:1;max-width:95%}.elementor-widget-divider .elementor-divider__element{margin:0 var(--divider-element-spacing);flex-shrink:0}.elementor-widget-divider .elementor-icon{font-size:var(--divider-icon-size)}.elementor-widget-divider .elementor-divider-separator{display:flex;margin:0;direction:ltr}.elementor-widget-divider--view-line_icon .elementor-divider-separator,.elementor-widget-divider--view-line_text .elementor-divider-separator{align-items:center}.elementor-widget-divider--view-line_icon .elementor-divider-separator:after,.elementor-widget-divider--view-line_icon .elementor-divider-separator:before,.elementor-widget-divider--view-line_text .elementor-divider-separator:after,.elementor-widget-divider--view-line_text .elementor-divider-separator:before{display:block;content:\"\";border-bottom:0;flex-grow:1;border-top:var(--divider-border-width) var(--divider-border-style) var(--divider-color)}.elementor-widget-divider--element-align-left .elementor-divider .elementor-divider-separator>.elementor-divider__svg:first-of-type{flex-grow:0;flex-shrink:100}.elementor-widget-divider--element-align-left .elementor-divider-separator:before{content:none}.elementor-widget-divider--element-align-left .elementor-divider__element{margin-left:0}.elementor-widget-divider--element-align-right .elementor-divider .elementor-divider-separator>.elementor-divider__svg:last-of-type{flex-grow:0;flex-shrink:100}.elementor-widget-divider--element-align-right .elementor-divider-separator:after{content:none}.elementor-widget-divider--element-align-right .elementor-divider__element{margin-right:0}.elementor-widget-divider:not(.elementor-widget-divider--view-line_text):not(.elementor-widget-divider--view-line_icon) .elementor-divider-separator{border-top:var(--divider-border-width) var(--divider-border-style) var(--divider-color)}.elementor-widget-divider--separator-type-pattern{--divider-border-style:none}.elementor-widget-divider--separator-type-pattern.elementor-widget-divider--view-line .elementor-divider-separator,.elementor-widget-divider--separator-type-pattern:not(.elementor-widget-divider--view-line) .elementor-divider-separator:after,.elementor-widget-divider--separator-type-pattern:not(.elementor-widget-divider--view-line) .elementor-divider-separator:before,.elementor-widget-divider--separator-type-pattern:not([class*=elementor-widget-divider--view]) .elementor-divider-separator{width:100%;min-height:var(--divider-pattern-height);-webkit-mask-size:var(--divider-pattern-size) 100%;mask-size:var(--divider-pattern-size) 100%;-webkit-mask-repeat:var(--divider-pattern-repeat);mask-repeat:var(--divider-pattern-repeat);background-color:var(--divider-color);-webkit-mask-image:var(--divider-pattern-url);mask-image:var(--divider-pattern-url)}.elementor-widget-divider--no-spacing{--divider-pattern-size:auto}.elementor-widget-divider--bg-round{--divider-pattern-repeat:round}.rtl .elementor-widget-divider .elementor-divider__text{direction:rtl}.e-con-inner>.elementor-widget-divider,.e-con>.elementor-widget-divider{width:var(--container-widget-width,100%);--flex-grow:var(--container-widget-flex-grow)}<\/style>\t\t<div class=\"elementor-divider\">\n\t\t\t<span class=\"elementor-divider-separator\">\n\t\t\t\t\t\t<\/span>\n\t\t<\/div>\n\t\t\t\t<\/div>\n\t\t\t\t<\/div>\n\t\t\t\t\t<\/div>\n\t\t<\/div>\n\t\t\t\t\t\t\t<\/div>\n\t\t<\/section>\n\t\t\t\t<section class=\"elementor-section elementor-top-section elementor-element elementor-element-85d7841 elementor-section-full_width elementor-section-height-default elementor-section-height-default\" data-id=\"85d7841\" data-element_type=\"section\">\n\t\t\t\t\t\t<div class=\"elementor-container elementor-column-gap-default\">\n\t\t\t\t\t<div class=\"elementor-column elementor-col-50 elementor-top-column elementor-element elementor-element-9266bbe\" data-id=\"9266bbe\" data-element_type=\"column\" data-settings=\"{&quot;background_background&quot;:&quot;classic&quot;}\">\n\t\t\t<div class=\"elementor-widget-wrap elementor-element-populated\">\n\t\t\t\t\t\t\t\t<div class=\"elementor-element elementor-element-22c3e1d6 elementor-widget elementor-widget-image\" data-id=\"22c3e1d6\" data-element_type=\"widget\" data-widget_type=\"image.default\">\n\t\t\t\t<div class=\"elementor-widget-container\">\n\t\t\t<style>\/*! elementor - v3.17.0 - 08-11-2023 *\/\n.elementor-widget-image{text-align:center}.elementor-widget-image a{display:inline-block}.elementor-widget-image a img[src$=\".svg\"]{width:48px}.elementor-widget-image img{vertical-align:middle;display:inline-block}<\/style>\t\t\t\t\t\t\t\t\t\t\t\t<img loading=\"lazy\" decoding=\"async\" width=\"249\" height=\"860\" src=\"https:\/\/mendel.com.ar\/wp-content\/uploads\/2022\/04\/Lunta-Torrontes-2019-Bottle-Image.png\" class=\"attachment-full size-full wp-image-160\" alt=\"\" srcset=\"https:\/\/mendel.com.ar\/wp-content\/uploads\/2022\/04\/Lunta-Torrontes-2019-Bottle-Image.png 249w, https:\/\/mendel.com.ar\/wp-content\/uploads\/2022\/04\/Lunta-Torrontes-2019-Bottle-Image-87x300.png 87w\" sizes=\"auto, (max-width: 249px) 100vw, 249px\" \/>\t\t\t\t\t\t\t\t\t\t\t\t\t\t\t<\/div>\n\t\t\t\t<\/div>\n\t\t\t\t<div class=\"elementor-element elementor-element-469ef5cc elementor-widget elementor-widget-heading\" data-id=\"469ef5cc\" data-element_type=\"widget\" data-widget_type=\"heading.default\">\n\t\t\t\t<div class=\"elementor-widget-container\">\n\t\t\t<h2 class=\"elementor-heading-title elementor-size-default\">Lunta<\/h2>\t\t<\/div>\n\t\t\t\t<\/div>\n\t\t\t\t<div class=\"elementor-element elementor-element-7a01c04e elementor-widget elementor-widget-heading\" data-id=\"7a01c04e\" data-element_type=\"widget\" data-widget_type=\"heading.default\">\n\t\t\t\t<div class=\"elementor-widget-container\">\n\t\t\t<h2 class=\"elementor-heading-title elementor-size-default\">Torront\u00e9s<\/h2>\t\t<\/div>\n\t\t\t\t<\/div>\n\t\t\t\t\t<\/div>\n\t\t<\/div>\n\t\t\t\t<div class=\"elementor-column elementor-col-50 elementor-top-column elementor-element elementor-element-560d108\" data-id=\"560d108\" data-element_type=\"column\" data-settings=\"{&quot;background_background&quot;:&quot;classic&quot;}\">\n\t\t\t<div class=\"elementor-widget-wrap elementor-element-populated\">\n\t\t\t\t\t\t\t\t<div class=\"elementor-element elementor-element-dfb6263 elementor-widget elementor-widget-text-editor\" data-id=\"dfb6263\" data-element_type=\"widget\" data-widget_type=\"text-editor.default\">\n\t\t\t\t<div class=\"elementor-widget-container\">\n\t\t\t<style>\/*! elementor - v3.17.0 - 08-11-2023 *\/\n.elementor-widget-text-editor.elementor-drop-cap-view-stacked .elementor-drop-cap{background-color:#69727d;color:#fff}.elementor-widget-text-editor.elementor-drop-cap-view-framed .elementor-drop-cap{color:#69727d;border:3px solid;background-color:transparent}.elementor-widget-text-editor:not(.elementor-drop-cap-view-default) .elementor-drop-cap{margin-top:8px}.elementor-widget-text-editor:not(.elementor-drop-cap-view-default) .elementor-drop-cap-letter{width:1em;height:1em}.elementor-widget-text-editor .elementor-drop-cap{float:left;text-align:center;line-height:1;font-size:50px}.elementor-widget-text-editor .elementor-drop-cap-letter{display:inline-block}<\/style>\t\t\t\t<p style=\"text-align: center;\">Lunta Torront\u00e9s comes from high altitude vineyards located in the Cafayate Valley. Harvested by hand and vinified at its origin to preserve the elegance and potential of this original variety, seeking the fresh notes of this aromatic varietal.<\/p><p style=\"text-align: center;\"><strong>TECHNICAL SHEETS<\/strong><\/p><p style=\"text-align: center;\"><span style=\"color: #993366;\"><a style=\"color: #993366;\" href=\"https:\/\/mendel.com.ar\/wp-content\/uploads\/2025\/04\/Lunta-Torrontes-2024-By-Mendel-Wines-Technical-Sheet.pdf\">LUNTA TORRONTES 2024<\/a><\/span><br \/><span style=\"color: #993366;\"><a style=\"color: #993366;\" href=\"https:\/\/mendel.com.ar\/wp-content\/uploads\/2022\/05\/Lunta-Torrontes-2021-By-Mendel-Wines-Technical-Sheet.pdf\">LUNTA TORRONTES 202<\/a>1<\/span><br \/><span style=\"color: #993366;\"><a style=\"color: #993366;\" href=\"https:\/\/mendel.com.ar\/wp-content\/uploads\/2022\/04\/Lunta-Torrontes-2019-By-Mendel-Wines-Technical-Sheet.pdf\">LUNTA TORRONTES 2019<\/a><\/span><span style=\"color: #993366;\"><a style=\"color: #993366;\" href=\"https:\/\/mendel.com.ar\/wp-content\/uploads\/2022\/04\/LUNTA-TORRONTES-2016-By-Mendel-Wines-Ficha-Tecnica.pdf\"><br \/><\/a><a style=\"color: #993366;\" href=\"https:\/\/mendel.com.ar\/wp-content\/uploads\/2022\/04\/Lunta-Torrontes-2017-By-Mendel-Wines-Technical-Sheet.pdf\">LUNTA TORRONTES 2017<\/a><a style=\"color: #993366;\" href=\"https:\/\/mendel.com.ar\/wp-content\/uploads\/2022\/04\/LUNTA-TORRONTES-2016-By-Mendel-Wines-Ficha-Tecnica.pdf\"><br \/><\/a><a style=\"color: #993366;\" href=\"https:\/\/mendel.com.ar\/wp-content\/uploads\/2022\/04\/Lunta-Torrontes-2016-By-Mendel-Wines-Technical-Sheet.pdf\">LUNTA <\/a><a style=\"color: #993366;\" href=\"https:\/\/www.mendel.com.ar\/wp-content\/uploads\/2018\/03\/LUNTA-TORRONTES-2017-By-Mendel-Wines-Ficha-Tecnica.pdf\">TORRONTES <\/a><a style=\"color: #993366;\" href=\"https:\/\/mendel.com.ar\/wp-content\/uploads\/2022\/04\/LUNTA-TORRONTES-2016-By-Mendel-Wines-Ficha-Tecnica.pdf\">2016<\/a><\/span><br \/><span style=\"color: #993366;\"><a style=\"color: #993366;\" href=\"https:\/\/mendel.com.ar\/wp-content\/uploads\/2022\/04\/LUNTA-TORRONTES-2014-By-Mendel-Wines-Technical-Sheet.pdf\">LUNTA TORRONTES 2014<\/a><\/span><br \/><span style=\"color: #993366;\"><a style=\"color: #993366;\" href=\"https:\/\/mendel.com.ar\/wp-content\/uploads\/2022\/04\/Lunta-Torrontes-2013-By-Mendel-Wines-Technical-Sheet.pdf\">LUNTA TORRONTES 2013<\/a><\/span><br \/><span style=\"color: #993366;\"><a style=\"color: #993366;\" href=\"https:\/\/mendel.com.ar\/wp-content\/uploads\/2022\/04\/LUNTA-TORRONTES-2012-By-Mendel-Wines-Technical-Sheet.pdf\">LUNTA TORRONTES 2012<\/a><\/span><\/p>\t\t\t\t\t\t<\/div>\n\t\t\t\t<\/div>\n\t\t\t\t\t<\/div>\n\t\t<\/div>\n\t\t\t\t\t\t\t<\/div>\n\t\t<\/section>\n\t\t\t\t\t\t\t<\/div>","protected":false},"excerpt":{"rendered":"<p>Lunta Torront\u00e9s Lunta Torront\u00e9s Lunta Torront\u00e9s proviene de vi\u00f1edos de altura ubicados en el Valle de Cafayate. Cosechados a mano y vinificados en su origen para preservar la elegancia y potencial de este cepaje originario, buscando las notas frescas de este arom\u00e1tico varietal. FICHAS T\u00c9CNICAS LUNTA TORRONTES 2024LUNTA TORRONTES 2021LUNTA TORRONTES 2019LUNTA TORRONTES 2017LUNTA TORRONTES [&hellip;]<\/p>","protected":false},"author":1,"featured_media":0,"parent":0,"menu_order":0,"comment_status":"closed","ping_status":"closed","template":"elementor_header_footer","meta":{"footnotes":""},"class_list":["post-1066","page","type-page","status-publish","hentry"],"yoast_head":"<!-- This site is optimized with the Yoast SEO plugin v21.6 - https:\/\/yoast.com\/wordpress\/plugins\/seo\/ -->\n<title>Lunta Torront\u00e9s - Mendel Wines<\/title>\n<meta name=\"robots\" content=\"index, follow, max-snippet:-1, max-image-preview:large, max-video-preview:-1\" \/>\n<link rel=\"canonical\" href=\"https:\/\/mendel.com.ar\/en\/lunta-torrontes\/\" \/>\n<meta property=\"og:locale\" content=\"en_US\" \/>\n<meta property=\"og:type\" content=\"article\" \/>\n<meta property=\"og:title\" content=\"Lunta Torront\u00e9s - Mendel Wines\" \/>\n<meta property=\"og:description\" content=\"Lunta Torront\u00e9s Lunta Torront\u00e9s Lunta Torront\u00e9s proviene de vi\u00f1edos de altura ubicados en el Valle de Cafayate. Cosechados a mano y vinificados en su origen para preservar la elegancia y potencial de este cepaje originario, buscando las notas frescas de este arom\u00e1tico varietal. FICHAS T\u00c9CNICAS LUNTA TORRONTES 2024LUNTA TORRONTES 2021LUNTA TORRONTES 2019LUNTA TORRONTES 2017LUNTA TORRONTES [&hellip;]\" \/>\n<meta property=\"og:url\" content=\"https:\/\/mendel.com.ar\/en\/lunta-torrontes\/\" \/>\n<meta property=\"og:site_name\" content=\"Mendel Wines\" \/>\n<meta property=\"article:modified_time\" content=\"2025-04-24T20:28:58+00:00\" \/>\n<meta property=\"og:image\" content=\"https:\/\/mendel.com.ar\/wp-content\/uploads\/2022\/04\/Lunta-Torrontes-2019-Bottle-Image.png\" \/>\n<meta name=\"twitter:card\" content=\"summary_large_image\" \/>\n<meta name=\"twitter:label1\" content=\"Est. reading time\" \/>\n\t<meta name=\"twitter:data1\" content=\"1 minute\" \/>\n<script type=\"application\/ld+json\" class=\"yoast-schema-graph\">{\"@context\":\"https:\/\/schema.org\",\"@graph\":[{\"@type\":\"WebPage\",\"@id\":\"https:\/\/mendel.com.ar\/lunta-torrontes\/\",\"url\":\"https:\/\/mendel.com.ar\/lunta-torrontes\/\",\"name\":\"Lunta Torront\u00e9s - Mendel Wines\",\"isPartOf\":{\"@id\":\"https:\/\/mendel.com.ar\/#website\"},\"datePublished\":\"2022-05-22T19:30:31+00:00\",\"dateModified\":\"2025-04-24T20:28:58+00:00\",\"breadcrumb\":{\"@id\":\"https:\/\/mendel.com.ar\/lunta-torrontes\/#breadcrumb\"},\"inLanguage\":\"en-US\",\"potentialAction\":[{\"@type\":\"ReadAction\",\"target\":[\"https:\/\/mendel.com.ar\/lunta-torrontes\/\"]}]},{\"@type\":\"BreadcrumbList\",\"@id\":\"https:\/\/mendel.com.ar\/lunta-torrontes\/#breadcrumb\",\"itemListElement\":[{\"@type\":\"ListItem\",\"position\":1,\"name\":\"Home\",\"item\":\"https:\/\/mendel.com.ar\/\"},{\"@type\":\"ListItem\",\"position\":2,\"name\":\"Lunta Torront\u00e9s\"}]},{\"@type\":\"WebSite\",\"@id\":\"https:\/\/mendel.com.ar\/#website\",\"url\":\"https:\/\/mendel.com.ar\/\",\"name\":\"Mendel Wines\",\"description\":\"Bodegas Mendel\",\"potentialAction\":[{\"@type\":\"SearchAction\",\"target\":{\"@type\":\"EntryPoint\",\"urlTemplate\":\"https:\/\/mendel.com.ar\/?s={search_term_string}\"},\"query-input\":\"required name=search_term_string\"}],\"inLanguage\":\"en-US\"}]}<\/script>\n<!-- \/ Yoast SEO plugin. -->","yoast_head_json":{"title":"Lunta Torront\u00e9s - Mendel Wines","robots":{"index":"index","follow":"follow","max-snippet":"max-snippet:-1","max-image-preview":"max-image-preview:large","max-video-preview":"max-video-preview:-1"},"canonical":"https:\/\/mendel.com.ar\/en\/lunta-torrontes\/","og_locale":"en_US","og_type":"article","og_title":"Lunta Torront\u00e9s - Mendel Wines","og_description":"Lunta Torront\u00e9s Lunta Torront\u00e9s Lunta Torront\u00e9s proviene de vi\u00f1edos de altura ubicados en el Valle de Cafayate. Cosechados a mano y vinificados en su origen para preservar la elegancia y potencial de este cepaje originario, buscando las notas frescas de este arom\u00e1tico varietal. FICHAS T\u00c9CNICAS LUNTA TORRONTES 2024LUNTA TORRONTES 2021LUNTA TORRONTES 2019LUNTA TORRONTES 2017LUNTA TORRONTES [&hellip;]","og_url":"https:\/\/mendel.com.ar\/en\/lunta-torrontes\/","og_site_name":"Mendel Wines","article_modified_time":"2025-04-24T20:28:58+00:00","og_image":[{"url":"https:\/\/mendel.com.ar\/wp-content\/uploads\/2022\/04\/Lunta-Torrontes-2019-Bottle-Image.png"}],"twitter_card":"summary_large_image","twitter_misc":{"Est. reading time":"1 minute"},"schema":{"@context":"https:\/\/schema.org","@graph":[{"@type":"WebPage","@id":"https:\/\/mendel.com.ar\/lunta-torrontes\/","url":"https:\/\/mendel.com.ar\/lunta-torrontes\/","name":"Lunta Torront\u00e9s - Mendel Wines","isPartOf":{"@id":"https:\/\/mendel.com.ar\/#website"},"datePublished":"2022-05-22T19:30:31+00:00","dateModified":"2025-04-24T20:28:58+00:00","breadcrumb":{"@id":"https:\/\/mendel.com.ar\/lunta-torrontes\/#breadcrumb"},"inLanguage":"en-US","potentialAction":[{"@type":"ReadAction","target":["https:\/\/mendel.com.ar\/lunta-torrontes\/"]}]},{"@type":"BreadcrumbList","@id":"https:\/\/mendel.com.ar\/lunta-torrontes\/#breadcrumb","itemListElement":[{"@type":"ListItem","position":1,"name":"Home","item":"https:\/\/mendel.com.ar\/"},{"@type":"ListItem","position":2,"name":"Lunta Torront\u00e9s"}]},{"@type":"WebSite","@id":"https:\/\/mendel.com.ar\/#website","url":"https:\/\/mendel.com.ar\/","name":"Mendel Wines","description":"Bodegas Mendel","potentialAction":[{"@type":"SearchAction","target":{"@type":"EntryPoint","urlTemplate":"https:\/\/mendel.com.ar\/?s={search_term_string}"},"query-input":"required name=search_term_string"}],"inLanguage":"en-US"}]}},"_links":{"self":[{"href":"https:\/\/mendel.com.ar\/en\/wp-json\/wp\/v2\/pages\/1066","targetHints":{"allow":["GET"]}}],"collection":[{"href":"https:\/\/mendel.com.ar\/en\/wp-json\/wp\/v2\/pages"}],"about":[{"href":"https:\/\/mendel.com.ar\/en\/wp-json\/wp\/v2\/types\/page"}],"author":[{"embeddable":true,"href":"https:\/\/mendel.com.ar\/en\/wp-json\/wp\/v2\/users\/1"}],"replies":[{"embeddable":true,"href":"https:\/\/mendel.com.ar\/en\/wp-json\/wp\/v2\/comments?post=1066"}],"version-history":[{"count":16,"href":"https:\/\/mendel.com.ar\/en\/wp-json\/wp\/v2\/pages\/1066\/revisions"}],"predecessor-version":[{"id":5965,"href":"https:\/\/mendel.com.ar\/en\/wp-json\/wp\/v2\/pages\/1066\/revisions\/5965"}],"wp:attachment":[{"href":"https:\/\/mendel.com.ar\/en\/wp-json\/wp\/v2\/media?parent=1066"}],"curies":[{"name":"wp","href":"https:\/\/api.w.org\/{rel}","templated":true}]}}